{"id":128,"date":"2019-09-23T18:33:02","date_gmt":"2019-09-23T18:33:02","guid":{"rendered":"https:\/\/grupaeko.home.pl\/autoinstalator\/wordpressplugins\/?page_id=128"},"modified":"2025-06-17T10:19:27","modified_gmt":"2025-06-17T10:19:27","slug":"metrowki","status":"publish","type":"page","link":"https:\/\/metrowki.pl\/?page_id=128","title":{"rendered":"METR\u00d3WKI Z NADRUKIEM Adga 250"},"content":{"rendered":"\n<figure class=\"wp-block-image\"><img fetchpriority=\"high\" decoding=\"async\" width=\"1024\" height=\"927\" src=\"https:\/\/grupaeko.home.pl\/autoinstalator\/wordpressplugins\/wp-content\/uploads\/2019\/09\/metr\u00f3wki-z-nadrukiem-1024x927.jpg\" alt=\"\" class=\"wp-image-242\" srcset=\"https:\/\/metrowki.pl\/wp-content\/uploads\/2019\/09\/metr\u00f3wki-z-nadrukiem-1024x927.jpg 1024w, https:\/\/metrowki.pl\/wp-content\/uploads\/2019\/09\/metr\u00f3wki-z-nadrukiem-300x272.jpg 300w, https:\/\/metrowki.pl\/wp-content\/uploads\/2019\/09\/metr\u00f3wki-z-nadrukiem-768x695.jpg 768w\" sizes=\"(max-width: 1024px) 100vw, 1024px\" \/><\/figure>\n\n\n\n<p>METROWKI.PL MIARY Z NADRUKIEM METR\u00d3WKI Z NADRUKIEM adga 250<\/p>\n","protected":false},"excerpt":{"rendered":"<div class=\"entry-summary\">\n<div class=\"entry-summary\">\nMETROWKI.PL MIARY Z NADRUKIEM METR\u00d3WKI Z NADRUKIEM adga 250\n<\/div>\n<div class=\"link-more\"><a href=\"https:\/\/metrowki.pl\/?page_id=128\" class=\"more-link\">Continue reading<span class=\"screen-reader-text\"> &ldquo;METR\u00d3WKI Z NADRUKIEM Adga 250&rdquo;<\/span>&hellip;<\/a><\/div>\n<\/div>\n<div class=\"link-more\"><a href=\"https:\/\/metrowki.pl\/?page_id=128\" class=\"more-link\">Continue reading<span class=\"screen-reader-text\"> &ldquo;METR\u00d3WKI Z NADRUKIEM Adga 250&rdquo;<\/span>&hellip;<\/a><\/div>\n","protected":false},"author":1,"featured_media":0,"parent":0,"menu_order":0,"comment_status":"closed","ping_status":"closed","template":"","meta":{"_acf_changed":false,"footnotes":""},"class_list":["post-128","page","type-page","status-publish","hentry","entry"],"acf":[],"yoast_head":"<!-- This site is optimized with the Yoast SEO plugin v27.5 - https:\/\/yoast.com\/product\/yoast-seo-wordpress\/ -->\n<title>METR\u00d3WKI Z NADRUKIEM Adga 250 - METROWKI.PL METR\u00d3WKI DREWNIANE MIARY Z NADRUKIEM CENNIK ADGA250 EKO PRODUCENT REKLAM<\/title>\n<meta name=\"description\" content=\"drewniane metr\u00f3wki z nadrukiem\" \/>\n<meta name=\"robots\" content=\"index, follow, max-snippet:-1, max-image-preview:large, max-video-preview:-1\" \/>\n<link rel=\"canonical\" href=\"https:\/\/metrowki.pl\/?page_id=128\" \/>\n<meta property=\"og:locale\" content=\"pl_PL\" \/>\n<meta property=\"og:type\" content=\"article\" \/>\n<meta property=\"og:title\" content=\"METR\u00d3WKI Z NADRUKIEM Adga 250 - METROWKI.PL METR\u00d3WKI DREWNIANE MIARY Z NADRUKIEM CENNIK ADGA250 EKO PRODUCENT REKLAM\" \/>\n<meta property=\"og:description\" content=\"drewniane metr\u00f3wki z nadrukiem\" \/>\n<meta property=\"og:url\" content=\"https:\/\/metrowki.pl\/?page_id=128\" \/>\n<meta property=\"og:site_name\" content=\"METROWKI.PL METR\u00d3WKI DREWNIANE MIARY Z NADRUKIEM CENNIK ADGA250 EKO PRODUCENT REKLAM\" \/>\n<meta property=\"article:modified_time\" content=\"2025-06-17T10:19:27+00:00\" \/>\n<meta name=\"twitter:card\" content=\"summary_large_image\" \/>\n<meta name=\"twitter:label1\" content=\"Szacowany czas czytania\" \/>\n\t<meta name=\"twitter:data1\" content=\"1 minuta\" \/>\n<script type=\"application\/ld+json\" class=\"yoast-schema-graph\">{\"@context\":\"https:\\\/\\\/schema.org\",\"@graph\":[{\"@type\":\"WebPage\",\"@id\":\"https:\\\/\\\/metrowki.pl\\\/?page_id=128\",\"url\":\"https:\\\/\\\/metrowki.pl\\\/?page_id=128\",\"name\":\"METR\u00d3WKI Z NADRUKIEM Adga 250 - METROWKI.PL METR\u00d3WKI DREWNIANE MIARY Z NADRUKIEM CENNIK ADGA250 EKO PRODUCENT REKLAM\",\"isPartOf\":{\"@id\":\"https:\\\/\\\/metrowki.pl\\\/#website\"},\"datePublished\":\"2019-09-23T18:33:02+00:00\",\"dateModified\":\"2025-06-17T10:19:27+00:00\",\"description\":\"drewniane metr\u00f3wki z nadrukiem\",\"breadcrumb\":{\"@id\":\"https:\\\/\\\/metrowki.pl\\\/?page_id=128#breadcrumb\"},\"inLanguage\":\"pl-PL\",\"potentialAction\":[{\"@type\":\"ReadAction\",\"target\":[\"https:\\\/\\\/metrowki.pl\\\/?page_id=128\"]}]},{\"@type\":\"BreadcrumbList\",\"@id\":\"https:\\\/\\\/metrowki.pl\\\/?page_id=128#breadcrumb\",\"itemListElement\":[{\"@type\":\"ListItem\",\"position\":1,\"name\":\"Strona g\u0142\u00f3wna\",\"item\":\"https:\\\/\\\/metrowki.pl\\\/\"},{\"@type\":\"ListItem\",\"position\":2,\"name\":\"METR\u00d3WKI Z NADRUKIEM Adga 250\"}]},{\"@type\":\"WebSite\",\"@id\":\"https:\\\/\\\/metrowki.pl\\\/#website\",\"url\":\"https:\\\/\\\/metrowki.pl\\\/\",\"name\":\"METROWKI.PL METR\u00d3WKI DREWNIANE MIARY Z NADRUKIEM CENNIK ADGA250 EKO PRODUCENT REKLAM\",\"description\":\"MIARY DREWNIANE METR\u00d3WKI Z NADRUKIEM Metrowki.pl \",\"publisher\":{\"@id\":\"https:\\\/\\\/metrowki.pl\\\/#organization\"},\"potentialAction\":[{\"@type\":\"SearchAction\",\"target\":{\"@type\":\"EntryPoint\",\"urlTemplate\":\"https:\\\/\\\/metrowki.pl\\\/?s={search_term_string}\"},\"query-input\":{\"@type\":\"PropertyValueSpecification\",\"valueRequired\":true,\"valueName\":\"search_term_string\"}}],\"inLanguage\":\"pl-PL\"},{\"@type\":\"Organization\",\"@id\":\"https:\\\/\\\/metrowki.pl\\\/#organization\",\"name\":\"METROWKI.PL METR\u00d3WKI DREWNIANE MIARY Z NADRUKIEM CENNIK ADGA250 EKO PRODUCENT REKLAM\",\"url\":\"https:\\\/\\\/metrowki.pl\\\/\",\"logo\":{\"@type\":\"ImageObject\",\"inLanguage\":\"pl-PL\",\"@id\":\"https:\\\/\\\/metrowki.pl\\\/#\\\/schema\\\/logo\\\/image\\\/\",\"url\":\"https:\\\/\\\/metrowki.pl\\\/wp-content\\\/uploads\\\/2019\\\/09\\\/cropped-logo-EKO-REKLAMA-1.jpg\",\"contentUrl\":\"https:\\\/\\\/metrowki.pl\\\/wp-content\\\/uploads\\\/2019\\\/09\\\/cropped-logo-EKO-REKLAMA-1.jpg\",\"width\":549,\"height\":295,\"caption\":\"METROWKI.PL METR\u00d3WKI DREWNIANE MIARY  Z NADRUKIEM CENNIK ADGA250 EKO PRODUCENT REKLAM\"},\"image\":{\"@id\":\"https:\\\/\\\/metrowki.pl\\\/#\\\/schema\\\/logo\\\/image\\\/\"}}]}<\/script>\n<!-- \/ Yoast SEO plugin. -->","yoast_head_json":{"title":"METR\u00d3WKI Z NADRUKIEM Adga 250 - METROWKI.PL METR\u00d3WKI DREWNIANE MIARY Z NADRUKIEM CENNIK ADGA250 EKO PRODUCENT REKLAM","description":"drewniane metr\u00f3wki z nadrukiem","robots":{"index":"index","follow":"follow","max-snippet":"max-snippet:-1","max-image-preview":"max-image-preview:large","max-video-preview":"max-video-preview:-1"},"canonical":"https:\/\/metrowki.pl\/?page_id=128","og_locale":"pl_PL","og_type":"article","og_title":"METR\u00d3WKI Z NADRUKIEM Adga 250 - METROWKI.PL METR\u00d3WKI DREWNIANE MIARY Z NADRUKIEM CENNIK ADGA250 EKO PRODUCENT REKLAM","og_description":"drewniane metr\u00f3wki z nadrukiem","og_url":"https:\/\/metrowki.pl\/?page_id=128","og_site_name":"METROWKI.PL METR\u00d3WKI DREWNIANE MIARY Z NADRUKIEM CENNIK ADGA250 EKO PRODUCENT REKLAM","article_modified_time":"2025-06-17T10:19:27+00:00","twitter_card":"summary_large_image","twitter_misc":{"Szacowany czas czytania":"1 minuta"},"schema":{"@context":"https:\/\/schema.org","@graph":[{"@type":"WebPage","@id":"https:\/\/metrowki.pl\/?page_id=128","url":"https:\/\/metrowki.pl\/?page_id=128","name":"METR\u00d3WKI Z NADRUKIEM Adga 250 - METROWKI.PL METR\u00d3WKI DREWNIANE MIARY Z NADRUKIEM CENNIK ADGA250 EKO PRODUCENT REKLAM","isPartOf":{"@id":"https:\/\/metrowki.pl\/#website"},"datePublished":"2019-09-23T18:33:02+00:00","dateModified":"2025-06-17T10:19:27+00:00","description":"drewniane metr\u00f3wki z nadrukiem","breadcrumb":{"@id":"https:\/\/metrowki.pl\/?page_id=128#breadcrumb"},"inLanguage":"pl-PL","potentialAction":[{"@type":"ReadAction","target":["https:\/\/metrowki.pl\/?page_id=128"]}]},{"@type":"BreadcrumbList","@id":"https:\/\/metrowki.pl\/?page_id=128#breadcrumb","itemListElement":[{"@type":"ListItem","position":1,"name":"Strona g\u0142\u00f3wna","item":"https:\/\/metrowki.pl\/"},{"@type":"ListItem","position":2,"name":"METR\u00d3WKI Z NADRUKIEM Adga 250"}]},{"@type":"WebSite","@id":"https:\/\/metrowki.pl\/#website","url":"https:\/\/metrowki.pl\/","name":"METROWKI.PL METR\u00d3WKI DREWNIANE MIARY Z NADRUKIEM CENNIK ADGA250 EKO PRODUCENT REKLAM","description":"MIARY DREWNIANE METR\u00d3WKI Z NADRUKIEM Metrowki.pl ","publisher":{"@id":"https:\/\/metrowki.pl\/#organization"},"potentialAction":[{"@type":"SearchAction","target":{"@type":"EntryPoint","urlTemplate":"https:\/\/metrowki.pl\/?s={search_term_string}"},"query-input":{"@type":"PropertyValueSpecification","valueRequired":true,"valueName":"search_term_string"}}],"inLanguage":"pl-PL"},{"@type":"Organization","@id":"https:\/\/metrowki.pl\/#organization","name":"METROWKI.PL METR\u00d3WKI DREWNIANE MIARY Z NADRUKIEM CENNIK ADGA250 EKO PRODUCENT REKLAM","url":"https:\/\/metrowki.pl\/","logo":{"@type":"ImageObject","inLanguage":"pl-PL","@id":"https:\/\/metrowki.pl\/#\/schema\/logo\/image\/","url":"https:\/\/metrowki.pl\/wp-content\/uploads\/2019\/09\/cropped-logo-EKO-REKLAMA-1.jpg","contentUrl":"https:\/\/metrowki.pl\/wp-content\/uploads\/2019\/09\/cropped-logo-EKO-REKLAMA-1.jpg","width":549,"height":295,"caption":"METROWKI.PL METR\u00d3WKI DREWNIANE MIARY  Z NADRUKIEM CENNIK ADGA250 EKO PRODUCENT REKLAM"},"image":{"@id":"https:\/\/metrowki.pl\/#\/schema\/logo\/image\/"}}]}},"_links":{"self":[{"href":"https:\/\/metrowki.pl\/index.php?rest_route=\/wp\/v2\/pages\/128","targetHints":{"allow":["GET"]}}],"collection":[{"href":"https:\/\/metrowki.pl\/index.php?rest_route=\/wp\/v2\/pages"}],"about":[{"href":"https:\/\/metrowki.pl\/index.php?rest_route=\/wp\/v2\/types\/page"}],"author":[{"embeddable":true,"href":"https:\/\/metrowki.pl\/index.php?rest_route=\/wp\/v2\/users\/1"}],"replies":[{"embeddable":true,"href":"https:\/\/metrowki.pl\/index.php?rest_route=%2Fwp%2Fv2%2Fcomments&post=128"}],"version-history":[{"count":8,"href":"https:\/\/metrowki.pl\/index.php?rest_route=\/wp\/v2\/pages\/128\/revisions"}],"predecessor-version":[{"id":363,"href":"https:\/\/metrowki.pl\/index.php?rest_route=\/wp\/v2\/pages\/128\/revisions\/363"}],"wp:attachment":[{"href":"https:\/\/metrowki.pl\/index.php?rest_route=%2Fwp%2Fv2%2Fmedia&parent=128"}],"curies":[{"name":"wp","href":"https:\/\/api.w.org\/{rel}","templated":true}]}}